{"id":1307,"date":"2022-08-27T15:40:57","date_gmt":"2022-08-27T13:40:57","guid":{"rendered":"https:\/\/betonfertigteilbau.com\/imprint\/"},"modified":"2022-09-02T11:58:07","modified_gmt":"2022-09-02T09:58:07","slug":"imprint","status":"publish","type":"page","link":"https:\/\/betonfertigteilbau.com\/en\/imprint\/","title":{"rendered":"Imprint"},"content":{"rendered":"<p style=\"font-weight: 400;\">Legal Notice:<\/p>\n<p style=\"font-weight: 400;\">Martin Dobler<\/p>\n<p style=\"font-weight: 400;\">Wingertstrasse 6<\/p>\n<p style=\"font-weight: 400;\">6824 Schlins<br \/>\nE-mail:\u00a0<a href=\"mailto:m.dobler@martindobler.com\">m.dobler@martindobler.com<\/a><\/p>\n<p style=\"font-weight: 400;\">Tel +43 660 677 59 18<\/p>\n<p style=\"font-weight: 400;\">Legal status: Limited liability company (Gmbh)<br \/>\nVAT Registration No. (UID): ATU70172378<\/p>\n<p style=\"font-weight: 400;\">Consumers can address complaints to the online dispute resolution platform of the EU: <a href=\"http:\/\/ec.europa.eu\/odr\">http:\/\/ec.europa.eu\/odr<\/a>.<\/p>\n<p style=\"font-weight: 400;\">They can also address any complaints to the e-mail address given above.<\/p>\n<p style=\"font-weight: 400;\">Layout and web design:<br \/>\nm-ad. Grafikatelier Maria Buder, 6800 Feldkirch.\u00a0<a href=\"https:\/\/m-ad.at\/\">www.m-ad.at<\/a><\/p>\n<p style=\"font-weight: 400;\">\n","protected":false},"excerpt":{"rendered":"<p>Legal Notice: Martin Dobler Wingertstrasse 6 6824 Schlins E-mail:\u00a0m.dobler@martindobler.com Tel +43 660 677 59 18 Legal status: Limited liability company (Gmbh) VAT Registration No. (UID): ATU70172378 Consumers can address complaints to the online dispute resolution platform of the EU: http:\/\/ec.europa.eu\/odr. They can also address any complaints to the e-mail address given above. Layout and web [&hellip;]<\/p>\n","protected":false},"author":1,"featured_media":0,"parent":0,"menu_order":0,"comment_status":"closed","ping_status":"closed","template":"","meta":{"footnotes":""},"class_list":["post-1307","page","type-page","status-publish","hentry"],"yoast_head":"<!-- This site is optimized with the Yoast SEO plugin v26.2 - https:\/\/yoast.com\/wordpress\/plugins\/seo\/ -->\n<title>Imprint - Martin Dobler Berater f\u00fcr Betonfertigteilbau<\/title>\n<meta name=\"robots\" content=\"index, follow, max-snippet:-1, max-image-preview:large, max-video-preview:-1\" \/>\n<link rel=\"canonical\" href=\"https:\/\/betonfertigteilbau.com\/en\/imprint\/\" \/>\n<meta property=\"og:locale\" content=\"en_US\" \/>\n<meta property=\"og:type\" content=\"article\" \/>\n<meta property=\"og:title\" content=\"Imprint - Martin Dobler Berater f\u00fcr Betonfertigteilbau\" \/>\n<meta property=\"og:description\" content=\"Legal Notice: Martin Dobler Wingertstrasse 6 6824 Schlins E-mail:\u00a0m.dobler@martindobler.com Tel +43 660 677 59 18 Legal status: Limited liability company (Gmbh) VAT Registration No. (UID): ATU70172378 Consumers can address complaints to the online dispute resolution platform of the EU: http:\/\/ec.europa.eu\/odr. They can also address any complaints to the e-mail address given above. Layout and web [&hellip;]\" \/>\n<meta property=\"og:url\" content=\"https:\/\/betonfertigteilbau.com\/en\/imprint\/\" \/>\n<meta property=\"og:site_name\" content=\"Martin Dobler Berater f\u00fcr Betonfertigteilbau\" \/>\n<meta property=\"article:publisher\" content=\"https:\/\/www.facebook.com\/profile.php?id=100054470679414\" \/>\n<meta property=\"article:modified_time\" content=\"2022-09-02T09:58:07+00:00\" \/>\n<meta name=\"twitter:card\" content=\"summary_large_image\" \/>\n<script type=\"application\/ld+json\" class=\"yoast-schema-graph\">{\"@context\":\"https:\/\/schema.org\",\"@graph\":[{\"@type\":\"WebPage\",\"@id\":\"https:\/\/betonfertigteilbau.com\/en\/imprint\/\",\"url\":\"https:\/\/betonfertigteilbau.com\/en\/imprint\/\",\"name\":\"Imprint - Martin Dobler Berater f\u00fcr Betonfertigteilbau\",\"isPartOf\":{\"@id\":\"https:\/\/betonfertigteilbau.com\/en\/#website\"},\"datePublished\":\"2022-08-27T13:40:57+00:00\",\"dateModified\":\"2022-09-02T09:58:07+00:00\",\"breadcrumb\":{\"@id\":\"https:\/\/betonfertigteilbau.com\/en\/imprint\/#breadcrumb\"},\"inLanguage\":\"en-US\",\"potentialAction\":[{\"@type\":\"ReadAction\",\"target\":[\"https:\/\/betonfertigteilbau.com\/en\/imprint\/\"]}]},{\"@type\":\"BreadcrumbList\",\"@id\":\"https:\/\/betonfertigteilbau.com\/en\/imprint\/#breadcrumb\",\"itemListElement\":[{\"@type\":\"ListItem\",\"position\":1,\"name\":\"Startseite\",\"item\":\"https:\/\/betonfertigteilbau.com\/en\/\"},{\"@type\":\"ListItem\",\"position\":2,\"name\":\"Imprint\"}]},{\"@type\":\"WebSite\",\"@id\":\"https:\/\/betonfertigteilbau.com\/en\/#website\",\"url\":\"https:\/\/betonfertigteilbau.com\/en\/\",\"name\":\"Martin Dobler Berater f\u00fcr Betonfertigteilbau\",\"description\":\"Planung von Betonfertigteilwerken, Entwicklung von Bausystemen f\u00fcr Betonfertigteilbau, Beratung und Fachbauleitung f\u00fcr das Bauen mit Betonfertigteilen\",\"publisher\":{\"@id\":\"https:\/\/betonfertigteilbau.com\/en\/#organization\"},\"potentialAction\":[{\"@type\":\"SearchAction\",\"target\":{\"@type\":\"EntryPoint\",\"urlTemplate\":\"https:\/\/betonfertigteilbau.com\/en\/?s={search_term_string}\"},\"query-input\":{\"@type\":\"PropertyValueSpecification\",\"valueRequired\":true,\"valueName\":\"search_term_string\"}}],\"inLanguage\":\"en-US\"},{\"@type\":\"Organization\",\"@id\":\"https:\/\/betonfertigteilbau.com\/en\/#organization\",\"name\":\"Martin Dobler Berater f\u00fcr Betonfertigteilbau\",\"url\":\"https:\/\/betonfertigteilbau.com\/en\/\",\"logo\":{\"@type\":\"ImageObject\",\"inLanguage\":\"en-US\",\"@id\":\"https:\/\/betonfertigteilbau.com\/en\/#\/schema\/logo\/image\/\",\"url\":\"https:\/\/betonfertigteilbau.com\/wp-content\/uploads\/2017\/01\/Logo-M-Dobler-web.png\",\"contentUrl\":\"https:\/\/betonfertigteilbau.com\/wp-content\/uploads\/2017\/01\/Logo-M-Dobler-web.png\",\"width\":500,\"height\":324,\"caption\":\"Martin Dobler Berater f\u00fcr Betonfertigteilbau\"},\"image\":{\"@id\":\"https:\/\/betonfertigteilbau.com\/en\/#\/schema\/logo\/image\/\"},\"sameAs\":[\"https:\/\/www.facebook.com\/profile.php?id=100054470679414\"]}]}<\/script>\n<!-- \/ Yoast SEO plugin. -->","yoast_head_json":{"title":"Imprint - Martin Dobler Berater f\u00fcr Betonfertigteilbau","robots":{"index":"index","follow":"follow","max-snippet":"max-snippet:-1","max-image-preview":"max-image-preview:large","max-video-preview":"max-video-preview:-1"},"canonical":"https:\/\/betonfertigteilbau.com\/en\/imprint\/","og_locale":"en_US","og_type":"article","og_title":"Imprint - Martin Dobler Berater f\u00fcr Betonfertigteilbau","og_description":"Legal Notice: Martin Dobler Wingertstrasse 6 6824 Schlins E-mail:\u00a0m.dobler@martindobler.com Tel +43 660 677 59 18 Legal status: Limited liability company (Gmbh) VAT Registration No. (UID): ATU70172378 Consumers can address complaints to the online dispute resolution platform of the EU: http:\/\/ec.europa.eu\/odr. They can also address any complaints to the e-mail address given above. Layout and web [&hellip;]","og_url":"https:\/\/betonfertigteilbau.com\/en\/imprint\/","og_site_name":"Martin Dobler Berater f\u00fcr Betonfertigteilbau","article_publisher":"https:\/\/www.facebook.com\/profile.php?id=100054470679414","article_modified_time":"2022-09-02T09:58:07+00:00","twitter_card":"summary_large_image","schema":{"@context":"https:\/\/schema.org","@graph":[{"@type":"WebPage","@id":"https:\/\/betonfertigteilbau.com\/en\/imprint\/","url":"https:\/\/betonfertigteilbau.com\/en\/imprint\/","name":"Imprint - Martin Dobler Berater f\u00fcr Betonfertigteilbau","isPartOf":{"@id":"https:\/\/betonfertigteilbau.com\/en\/#website"},"datePublished":"2022-08-27T13:40:57+00:00","dateModified":"2022-09-02T09:58:07+00:00","breadcrumb":{"@id":"https:\/\/betonfertigteilbau.com\/en\/imprint\/#breadcrumb"},"inLanguage":"en-US","potentialAction":[{"@type":"ReadAction","target":["https:\/\/betonfertigteilbau.com\/en\/imprint\/"]}]},{"@type":"BreadcrumbList","@id":"https:\/\/betonfertigteilbau.com\/en\/imprint\/#breadcrumb","itemListElement":[{"@type":"ListItem","position":1,"name":"Startseite","item":"https:\/\/betonfertigteilbau.com\/en\/"},{"@type":"ListItem","position":2,"name":"Imprint"}]},{"@type":"WebSite","@id":"https:\/\/betonfertigteilbau.com\/en\/#website","url":"https:\/\/betonfertigteilbau.com\/en\/","name":"Martin Dobler Berater f\u00fcr Betonfertigteilbau","description":"Planung von Betonfertigteilwerken, Entwicklung von Bausystemen f\u00fcr Betonfertigteilbau, Beratung und Fachbauleitung f\u00fcr das Bauen mit Betonfertigteilen","publisher":{"@id":"https:\/\/betonfertigteilbau.com\/en\/#organization"},"potentialAction":[{"@type":"SearchAction","target":{"@type":"EntryPoint","urlTemplate":"https:\/\/betonfertigteilbau.com\/en\/?s={search_term_string}"},"query-input":{"@type":"PropertyValueSpecification","valueRequired":true,"valueName":"search_term_string"}}],"inLanguage":"en-US"},{"@type":"Organization","@id":"https:\/\/betonfertigteilbau.com\/en\/#organization","name":"Martin Dobler Berater f\u00fcr Betonfertigteilbau","url":"https:\/\/betonfertigteilbau.com\/en\/","logo":{"@type":"ImageObject","inLanguage":"en-US","@id":"https:\/\/betonfertigteilbau.com\/en\/#\/schema\/logo\/image\/","url":"https:\/\/betonfertigteilbau.com\/wp-content\/uploads\/2017\/01\/Logo-M-Dobler-web.png","contentUrl":"https:\/\/betonfertigteilbau.com\/wp-content\/uploads\/2017\/01\/Logo-M-Dobler-web.png","width":500,"height":324,"caption":"Martin Dobler Berater f\u00fcr Betonfertigteilbau"},"image":{"@id":"https:\/\/betonfertigteilbau.com\/en\/#\/schema\/logo\/image\/"},"sameAs":["https:\/\/www.facebook.com\/profile.php?id=100054470679414"]}]}},"_links":{"self":[{"href":"https:\/\/betonfertigteilbau.com\/en\/wp-json\/wp\/v2\/pages\/1307","targetHints":{"allow":["GET"]}}],"collection":[{"href":"https:\/\/betonfertigteilbau.com\/en\/wp-json\/wp\/v2\/pages"}],"about":[{"href":"https:\/\/betonfertigteilbau.com\/en\/wp-json\/wp\/v2\/types\/page"}],"author":[{"embeddable":true,"href":"https:\/\/betonfertigteilbau.com\/en\/wp-json\/wp\/v2\/users\/1"}],"replies":[{"embeddable":true,"href":"https:\/\/betonfertigteilbau.com\/en\/wp-json\/wp\/v2\/comments?post=1307"}],"version-history":[{"count":0,"href":"https:\/\/betonfertigteilbau.com\/en\/wp-json\/wp\/v2\/pages\/1307\/revisions"}],"wp:attachment":[{"href":"https:\/\/betonfertigteilbau.com\/en\/wp-json\/wp\/v2\/media?parent=1307"}],"curies":[{"name":"wp","href":"https:\/\/api.w.org\/{rel}","templated":true}]}}