{"id":978,"date":"2019-07-02T10:56:48","date_gmt":"2019-07-02T08:56:48","guid":{"rendered":"http:\/\/betonfertigteilbau.com\/downloads\/"},"modified":"2025-10-13T14:35:20","modified_gmt":"2025-10-13T12:35:20","slug":"downloads","status":"publish","type":"page","link":"https:\/\/betonfertigteilbau.com\/en\/downloads\/","title":{"rendered":"Downloads"},"content":{"rendered":"\n<style type=\"text\/css\" data-created_by=\"avia_inline_auto\" id=\"style-css-av-88vhe-9b7ccbd8935c8365571361f3f0cabb04\">\n.flex_column.av-88vhe-9b7ccbd8935c8365571361f3f0cabb04{\nborder-radius:0px 0px 0px 0px;\npadding:0px 0px 0px 0px;\n}\n<\/style>\n<div  class='flex_column av-88vhe-9b7ccbd8935c8365571361f3f0cabb04 av_one_full  avia-builder-el-0  avia-builder-el-no-sibling  first flex_column_div av-zero-column-padding  '     ><section  class='av_textblock_section av-l3y6145c-423403cc754f0a50f4c277c36947da6f '   itemscope=\"itemscope\" itemtype=\"https:\/\/schema.org\/CreativeWork\" ><div class='avia_textblock'  itemprop=\"text\" ><p style=\"font-weight: 400;\"><a href=\"https:\/\/betonfertigteilbau.com\/wp-content\/uploads\/2025\/06\/CV-Martin-Dobler-deutsch-16.06.2025.pdf\">CV Martin Dobler<\/a><\/p>\n<p style=\"font-weight: 400;\"><a href=\"https:\/\/betonfertigteilbau.com\/wp-content\/uploads\/2025\/01\/Automatisierte-der-Bewehrungsfertigung.pdf\">10-2024-Automated concrete reinforcement production<\/a><\/p>\n<p style=\"font-weight: 400;\"><a href=\"https:\/\/youtu.be\/-szXW5tmtvg?si=8LU1FBlIiv8vc8JP\">05-2022-Simulation for pre-cast concrete plants<\/a><\/p>\n<p style=\"font-weight: 400;\"><a href=\"https:\/\/betonfertigteilbau.com\/wp-content\/uploads\/2022\/11\/Von-der-Planung-in-die-Produktion-Ernst-Sohn-September-2021.pdf\">09-2021-From planning to production \u2013 Ernst &amp; Sohn<\/a><\/p>\n<p style=\"font-weight: 400;\"><a href=\"http:\/\/betonfertigteilbau.com\/wp-content\/uploads\/2019\/07\/Presentation-Santiago-de-Chile-27.7.2017-by-Martin-Dobler.pdf\">07-2021-Presentation Santiago de Chile<\/a><\/p>\n<p style=\"font-weight: 400;\"><a href=\"http:\/\/betonfertigteilbau.com\/wp-content\/uploads\/2019\/07\/Low-Cost-Housing-Folder-D.pdf\">05-2019-Low Cost Housing Folder (D)<\/a><\/p>\n<p style=\"font-weight: 400;\"><a href=\"http:\/\/betonfertigteilbau.com\/wp-content\/uploads\/2019\/07\/Low-Cost-Housing-Folder-UK.pdf\">05-2019-Low Cost Housing Folder (UK)<\/a><\/p>\n<\/div><\/section><\/div>\n","protected":false},"excerpt":{"rendered":"","protected":false},"author":1,"featured_media":0,"parent":0,"menu_order":0,"comment_status":"closed","ping_status":"closed","template":"","meta":{"footnotes":""},"class_list":["post-978","page","type-page","status-publish","hentry"],"yoast_head":"<!-- This site is optimized with the Yoast SEO plugin v26.2 - https:\/\/yoast.com\/wordpress\/plugins\/seo\/ -->\n<title>Downloads - Martin Dobler Berater f\u00fcr Betonfertigteilbau<\/title>\n<meta name=\"robots\" content=\"index, follow, max-snippet:-1, max-image-preview:large, max-video-preview:-1\" \/>\n<link rel=\"canonical\" href=\"https:\/\/betonfertigteilbau.com\/en\/downloads\/\" \/>\n<meta property=\"og:locale\" content=\"en_US\" \/>\n<meta property=\"og:type\" content=\"article\" \/>\n<meta property=\"og:title\" content=\"Downloads - Martin Dobler Berater f\u00fcr Betonfertigteilbau\" \/>\n<meta property=\"og:url\" content=\"https:\/\/betonfertigteilbau.com\/en\/downloads\/\" \/>\n<meta property=\"og:site_name\" content=\"Martin Dobler Berater f\u00fcr Betonfertigteilbau\" \/>\n<meta property=\"article:publisher\" content=\"https:\/\/www.facebook.com\/profile.php?id=100054470679414\" \/>\n<meta property=\"article:modified_time\" content=\"2025-10-13T12:35:20+00:00\" \/>\n<meta name=\"twitter:card\" content=\"summary_large_image\" \/>\n<meta name=\"twitter:label1\" content=\"Est. reading time\" \/>\n\t<meta name=\"twitter:data1\" content=\"1 minute\" \/>\n<script type=\"application\/ld+json\" class=\"yoast-schema-graph\">{\"@context\":\"https:\/\/schema.org\",\"@graph\":[{\"@type\":\"WebPage\",\"@id\":\"https:\/\/betonfertigteilbau.com\/en\/downloads\/\",\"url\":\"https:\/\/betonfertigteilbau.com\/en\/downloads\/\",\"name\":\"Downloads - Martin Dobler Berater f\u00fcr Betonfertigteilbau\",\"isPartOf\":{\"@id\":\"https:\/\/betonfertigteilbau.com\/en\/#website\"},\"datePublished\":\"2019-07-02T08:56:48+00:00\",\"dateModified\":\"2025-10-13T12:35:20+00:00\",\"breadcrumb\":{\"@id\":\"https:\/\/betonfertigteilbau.com\/en\/downloads\/#breadcrumb\"},\"inLanguage\":\"en-US\",\"potentialAction\":[{\"@type\":\"ReadAction\",\"target\":[\"https:\/\/betonfertigteilbau.com\/en\/downloads\/\"]}]},{\"@type\":\"BreadcrumbList\",\"@id\":\"https:\/\/betonfertigteilbau.com\/en\/downloads\/#breadcrumb\",\"itemListElement\":[{\"@type\":\"ListItem\",\"position\":1,\"name\":\"Startseite\",\"item\":\"https:\/\/betonfertigteilbau.com\/en\/\"},{\"@type\":\"ListItem\",\"position\":2,\"name\":\"Downloads\"}]},{\"@type\":\"WebSite\",\"@id\":\"https:\/\/betonfertigteilbau.com\/en\/#website\",\"url\":\"https:\/\/betonfertigteilbau.com\/en\/\",\"name\":\"Martin Dobler Berater f\u00fcr Betonfertigteilbau\",\"description\":\"Planung von Betonfertigteilwerken, Entwicklung von Bausystemen f\u00fcr Betonfertigteilbau, Beratung und Fachbauleitung f\u00fcr das Bauen mit Betonfertigteilen\",\"publisher\":{\"@id\":\"https:\/\/betonfertigteilbau.com\/en\/#organization\"},\"potentialAction\":[{\"@type\":\"SearchAction\",\"target\":{\"@type\":\"EntryPoint\",\"urlTemplate\":\"https:\/\/betonfertigteilbau.com\/en\/?s={search_term_string}\"},\"query-input\":{\"@type\":\"PropertyValueSpecification\",\"valueRequired\":true,\"valueName\":\"search_term_string\"}}],\"inLanguage\":\"en-US\"},{\"@type\":\"Organization\",\"@id\":\"https:\/\/betonfertigteilbau.com\/en\/#organization\",\"name\":\"Martin Dobler Berater f\u00fcr Betonfertigteilbau\",\"url\":\"https:\/\/betonfertigteilbau.com\/en\/\",\"logo\":{\"@type\":\"ImageObject\",\"inLanguage\":\"en-US\",\"@id\":\"https:\/\/betonfertigteilbau.com\/en\/#\/schema\/logo\/image\/\",\"url\":\"https:\/\/betonfertigteilbau.com\/wp-content\/uploads\/2017\/01\/Logo-M-Dobler-web.png\",\"contentUrl\":\"https:\/\/betonfertigteilbau.com\/wp-content\/uploads\/2017\/01\/Logo-M-Dobler-web.png\",\"width\":500,\"height\":324,\"caption\":\"Martin Dobler Berater f\u00fcr Betonfertigteilbau\"},\"image\":{\"@id\":\"https:\/\/betonfertigteilbau.com\/en\/#\/schema\/logo\/image\/\"},\"sameAs\":[\"https:\/\/www.facebook.com\/profile.php?id=100054470679414\"]}]}<\/script>\n<!-- \/ Yoast SEO plugin. -->","yoast_head_json":{"title":"Downloads - Martin Dobler Berater f\u00fcr Betonfertigteilbau","robots":{"index":"index","follow":"follow","max-snippet":"max-snippet:-1","max-image-preview":"max-image-preview:large","max-video-preview":"max-video-preview:-1"},"canonical":"https:\/\/betonfertigteilbau.com\/en\/downloads\/","og_locale":"en_US","og_type":"article","og_title":"Downloads - Martin Dobler Berater f\u00fcr Betonfertigteilbau","og_url":"https:\/\/betonfertigteilbau.com\/en\/downloads\/","og_site_name":"Martin Dobler Berater f\u00fcr Betonfertigteilbau","article_publisher":"https:\/\/www.facebook.com\/profile.php?id=100054470679414","article_modified_time":"2025-10-13T12:35:20+00:00","twitter_card":"summary_large_image","twitter_misc":{"Est. reading time":"1 minute"},"schema":{"@context":"https:\/\/schema.org","@graph":[{"@type":"WebPage","@id":"https:\/\/betonfertigteilbau.com\/en\/downloads\/","url":"https:\/\/betonfertigteilbau.com\/en\/downloads\/","name":"Downloads - Martin Dobler Berater f\u00fcr Betonfertigteilbau","isPartOf":{"@id":"https:\/\/betonfertigteilbau.com\/en\/#website"},"datePublished":"2019-07-02T08:56:48+00:00","dateModified":"2025-10-13T12:35:20+00:00","breadcrumb":{"@id":"https:\/\/betonfertigteilbau.com\/en\/downloads\/#breadcrumb"},"inLanguage":"en-US","potentialAction":[{"@type":"ReadAction","target":["https:\/\/betonfertigteilbau.com\/en\/downloads\/"]}]},{"@type":"BreadcrumbList","@id":"https:\/\/betonfertigteilbau.com\/en\/downloads\/#breadcrumb","itemListElement":[{"@type":"ListItem","position":1,"name":"Startseite","item":"https:\/\/betonfertigteilbau.com\/en\/"},{"@type":"ListItem","position":2,"name":"Downloads"}]},{"@type":"WebSite","@id":"https:\/\/betonfertigteilbau.com\/en\/#website","url":"https:\/\/betonfertigteilbau.com\/en\/","name":"Martin Dobler Berater f\u00fcr Betonfertigteilbau","description":"Planung von Betonfertigteilwerken, Entwicklung von Bausystemen f\u00fcr Betonfertigteilbau, Beratung und Fachbauleitung f\u00fcr das Bauen mit Betonfertigteilen","publisher":{"@id":"https:\/\/betonfertigteilbau.com\/en\/#organization"},"potentialAction":[{"@type":"SearchAction","target":{"@type":"EntryPoint","urlTemplate":"https:\/\/betonfertigteilbau.com\/en\/?s={search_term_string}"},"query-input":{"@type":"PropertyValueSpecification","valueRequired":true,"valueName":"search_term_string"}}],"inLanguage":"en-US"},{"@type":"Organization","@id":"https:\/\/betonfertigteilbau.com\/en\/#organization","name":"Martin Dobler Berater f\u00fcr Betonfertigteilbau","url":"https:\/\/betonfertigteilbau.com\/en\/","logo":{"@type":"ImageObject","inLanguage":"en-US","@id":"https:\/\/betonfertigteilbau.com\/en\/#\/schema\/logo\/image\/","url":"https:\/\/betonfertigteilbau.com\/wp-content\/uploads\/2017\/01\/Logo-M-Dobler-web.png","contentUrl":"https:\/\/betonfertigteilbau.com\/wp-content\/uploads\/2017\/01\/Logo-M-Dobler-web.png","width":500,"height":324,"caption":"Martin Dobler Berater f\u00fcr Betonfertigteilbau"},"image":{"@id":"https:\/\/betonfertigteilbau.com\/en\/#\/schema\/logo\/image\/"},"sameAs":["https:\/\/www.facebook.com\/profile.php?id=100054470679414"]}]}},"_links":{"self":[{"href":"https:\/\/betonfertigteilbau.com\/en\/wp-json\/wp\/v2\/pages\/978","targetHints":{"allow":["GET"]}}],"collection":[{"href":"https:\/\/betonfertigteilbau.com\/en\/wp-json\/wp\/v2\/pages"}],"about":[{"href":"https:\/\/betonfertigteilbau.com\/en\/wp-json\/wp\/v2\/types\/page"}],"author":[{"embeddable":true,"href":"https:\/\/betonfertigteilbau.com\/en\/wp-json\/wp\/v2\/users\/1"}],"replies":[{"embeddable":true,"href":"https:\/\/betonfertigteilbau.com\/en\/wp-json\/wp\/v2\/comments?post=978"}],"version-history":[{"count":1,"href":"https:\/\/betonfertigteilbau.com\/en\/wp-json\/wp\/v2\/pages\/978\/revisions"}],"predecessor-version":[{"id":18773,"href":"https:\/\/betonfertigteilbau.com\/en\/wp-json\/wp\/v2\/pages\/978\/revisions\/18773"}],"wp:attachment":[{"href":"https:\/\/betonfertigteilbau.com\/en\/wp-json\/wp\/v2\/media?parent=978"}],"curies":[{"name":"wp","href":"https:\/\/api.w.org\/{rel}","templated":true}]}}